{"id":11,"date":"2023-08-27T19:28:07","date_gmt":"2023-08-27T19:28:07","guid":{"rendered":"https:\/\/mantelzorgcafezevenaar.nl\/?page_id=11"},"modified":"2026-02-18T05:33:30","modified_gmt":"2026-02-18T05:33:30","slug":"home","status":"publish","type":"page","link":"https:\/\/mantelzorgcafezevenaar.nl\/","title":{"rendered":"Home"},"content":{"rendered":"<div  class='flex_column av-1cm8n-c45506a3063683fb4a9e8f308f4e4cb4 av_one_third  avia-builder-el-0  el_before_av_two_third  avia-builder-el-first  first flex_column_div  '     ><style type=\"text\/css\" data-created_by=\"avia_inline_auto\" id=\"style-css-av-lltucdlf-ee2aeae672185440692cf78bde8fbd99\">\n.avia-image-container.av-lltucdlf-ee2aeae672185440692cf78bde8fbd99 img.avia_image{\nbox-shadow:none;\n}\n.avia-image-container.av-lltucdlf-ee2aeae672185440692cf78bde8fbd99 .av-image-caption-overlay-center{\ncolor:#ffffff;\n}\n<\/style>\n<div  class='avia-image-container av-lltucdlf-ee2aeae672185440692cf78bde8fbd99 av-styling- avia-align-center  avia-builder-el-1  avia-builder-el-no-sibling '   itemprop=\"image\" itemscope=\"itemscope\" itemtype=\"https:\/\/schema.org\/ImageObject\" ><div class=\"avia-image-container-inner\"><div class=\"avia-image-overlay-wrap\"><img decoding=\"async\" fetchpriority=\"high\" class='wp-image-13 avia-img-lazy-loading-not-13 avia_image ' src=\"https:\/\/mantelzorgcafezevenaar.nl\/wp-content\/uploads\/2023\/08\/logo_rondje-300x300.png\" alt='' title='logo_rondje'  height=\"300\" width=\"300\"  itemprop=\"thumbnailUrl\" srcset=\"https:\/\/mantelzorgcafezevenaar.nl\/wp-content\/uploads\/2023\/08\/logo_rondje-300x300.png 300w, https:\/\/mantelzorgcafezevenaar.nl\/wp-content\/uploads\/2023\/08\/logo_rondje-1024x1024.png 1024w, https:\/\/mantelzorgcafezevenaar.nl\/wp-content\/uploads\/2023\/08\/logo_rondje-150x150.png 150w, https:\/\/mantelzorgcafezevenaar.nl\/wp-content\/uploads\/2023\/08\/logo_rondje-768x768.png 768w, https:\/\/mantelzorgcafezevenaar.nl\/wp-content\/uploads\/2023\/08\/logo_rondje-1536x1536.png 1536w, https:\/\/mantelzorgcafezevenaar.nl\/wp-content\/uploads\/2023\/08\/logo_rondje-2048x2048.png 2048w, https:\/\/mantelzorgcafezevenaar.nl\/wp-content\/uploads\/2023\/08\/logo_rondje-36x36.png 36w, https:\/\/mantelzorgcafezevenaar.nl\/wp-content\/uploads\/2023\/08\/logo_rondje-180x180.png 180w, https:\/\/mantelzorgcafezevenaar.nl\/wp-content\/uploads\/2023\/08\/logo_rondje-1500x1500.png 1500w, https:\/\/mantelzorgcafezevenaar.nl\/wp-content\/uploads\/2023\/08\/logo_rondje-705x705.png 705w\" sizes=\"(max-width: 300px) 100vw, 300px\" \/><\/div><\/div><\/div><\/div>\n<div  class='flex_column av-13m0f-1eda0c072d9a625cde62f0809c02fce0 av_two_third  avia-builder-el-2  el_after_av_one_third  el_before_av_one_full  flex_column_div  '     ><p>\n<style type=\"text\/css\" data-created_by=\"avia_inline_auto\" id=\"style-css-av-lltue6uo-e4c5cf4afbccd9b2b1dc38ddf8f85885\">\n#top .av-special-heading.av-lltue6uo-e4c5cf4afbccd9b2b1dc38ddf8f85885{\npadding-bottom:10px;\n}\nbody .av-special-heading.av-lltue6uo-e4c5cf4afbccd9b2b1dc38ddf8f85885 .av-special-heading-tag .heading-char{\nfont-size:25px;\n}\n.av-special-heading.av-lltue6uo-e4c5cf4afbccd9b2b1dc38ddf8f85885 .av-subheading{\nfont-size:15px;\n}\n<\/style>\n<div  class='av-special-heading av-lltue6uo-e4c5cf4afbccd9b2b1dc38ddf8f85885 av-special-heading-h3 blockquote modern-quote  avia-builder-el-3  el_before_av_textblock  avia-builder-el-first '><h3 class='av-special-heading-tag '  itemprop=\"headline\"  >Ontmoetingsplek voor Mantelzorgers in Zevenaar<\/h3><div class=\"special-heading-border\"><div class=\"special-heading-inner-border\"><\/div><\/div><\/div><br \/>\n<section  class='av_textblock_section av-lltueyee-57205e4c36a183c2fe0a66063c5df855 '   itemscope=\"itemscope\" itemtype=\"https:\/\/schema.org\/CreativeWork\" ><div class='avia_textblock'  itemprop=\"text\" ><p>De deuren van het Mantelzorgcaf\u00e9 Zevenaar &#8211; <em>in Ontmoetingscentrum &#8216;De Hooge Bongert&#8217; op het adres De Hooge Bongert 3 in Zevenaar<\/em> &#8211; gaan in principe elke eerste maandag van de maand vanaf 18.45 uur open. We beginnen rond 19.00 uur en stoppen om en nabij 21.00 uur.<\/p>\n<p>Ge\u00efnteresseerd of nieuwsgierig? Meld je dan via <a href=\"mailto:mantelzorgcafezevenaar@gmail.com\">mantelzorgcafezevenaar@gmail.com<\/a> snel aan.\u00a0De entree is gratis; voor de koffie\/thee betaal je slechts \u00e9\u00e9n eurootje.<\/p>\n<p>Voor vragen kun je terecht bij Fred Vermorken: 06\u201383709879.<\/p>\n<p><img loading=\"lazy\" decoding=\"async\" class=\"alignnone size-medium wp-image-42\" src=\"https:\/\/mantelzorgcafezevenaar.nl\/wp-content\/uploads\/2024\/03\/Foto-Mz-cafe-300x234.jpg\" alt=\"\" width=\"300\" height=\"234\" srcset=\"https:\/\/mantelzorgcafezevenaar.nl\/wp-content\/uploads\/2024\/03\/Foto-Mz-cafe-300x234.jpg 300w, https:\/\/mantelzorgcafezevenaar.nl\/wp-content\/uploads\/2024\/03\/Foto-Mz-cafe-705x550.jpg 705w, https:\/\/mantelzorgcafezevenaar.nl\/wp-content\/uploads\/2024\/03\/Foto-Mz-cafe.jpg 768w\" sizes=\"auto, (max-width: 300px) 100vw, 300px\" \/><\/p>\n<\/div><\/section><\/p><\/div>\n<div  class='flex_column av-34o9b-554f66af3121b40e96b17fc8859c5d88 av_one_full  avia-builder-el-5  el_after_av_two_third  el_before_av_section  avia-builder-el-last  first flex_column_div  column-top-margin'     ><p>\n<style type=\"text\/css\" data-created_by=\"avia_inline_auto\" id=\"style-css-av-2pnzb-1b242de70f98488f3c78e4c1d02277fe\">\n#top .av-special-heading.av-2pnzb-1b242de70f98488f3c78e4c1d02277fe{\npadding-bottom:10px;\n}\nbody .av-special-heading.av-2pnzb-1b242de70f98488f3c78e4c1d02277fe .av-special-heading-tag .heading-char{\nfont-size:25px;\n}\n.av-special-heading.av-2pnzb-1b242de70f98488f3c78e4c1d02277fe .av-subheading{\nfont-size:15px;\n}\n<\/style>\n<div  class='av-special-heading av-2pnzb-1b242de70f98488f3c78e4c1d02277fe av-special-heading-h2 blockquote modern-quote  avia-builder-el-6  el_before_av_textblock  avia-builder-el-first '><h2 class='av-special-heading-tag '  itemprop=\"headline\"  >Mantelzorgcaf\u00e9 Zevenaar is niet zomaar een caf\u00e9!<\/h2><div class=\"special-heading-border\"><div class=\"special-heading-inner-border\"><\/div><\/div><\/div><br \/>\n<section  class='av_textblock_section av-2cqjr-4ba6db0893b01a00992c1d9d455dd9dd '   itemscope=\"itemscope\" itemtype=\"https:\/\/schema.org\/CreativeWork\" ><div class='avia_textblock'  itemprop=\"text\" ><div data-contents=\"true\">\n<div class=\"\" data-block=\"true\" data-editor=\"3m3vs\" data-offset-key=\"9jiks-0-0\">\n<div class=\"_1mf _1mj\" data-offset-key=\"9jiks-0-0\">\n<p><strong>Ontmoetingsplek voor mantelzorgers \u00e9n ervaringsdeskundigen<br \/>\n<\/strong><em>Verricht u met enige regelmaat extra zorgtaken voor een partner of <\/em><em>een familielid, een buurman of -vrouw, een vriend of vriendin?<\/em><\/p>\n<p>Mantelzorgers geven dikwijls aan voor emotionele steun niet altijd bij familie of vrienden terecht te kunnen, of het lastig te vinden om steeds weer een beroep op dezelfde mensen te moeten doen. In dat geval biedt deze ontmoetingsplek v\u00f3\u00f3r en d\u00f3\u00f3r mantelzorgers uitkomst: een fijne plek waar iedere (gewezen) mantelzorger even zijn\/haar hart kan luchten.<\/p>\n<p><em>Er wordt de mantelzorgers m\u00e9\u00e9r geboden dan een gezellige ontmoetingsplek waar je in een hele prettige en ontspannen sfeer een kopje koffie of thee kunt drinken. <\/em><em>Gastheer Fred en gastvrouwen Rianne en Willeke bieden niet alleen <strong>emotionele steun<\/strong>; zij zijn aanspreekbaar voor <strong>alle vraaggebieden van de mantelzorgondersteuning<\/strong>. Hun drijfveer is altijd om de bezoekers <u>niet<\/u> met een kluitje het riet in te sturen!<\/em><\/p>\n<\/div>\n<\/div>\n<\/div>\n<\/div><\/section><\/p><\/div>\n<\/div><\/div><\/div><!-- close content main div --><\/div><\/div><div id='av_section_1'  class='avia-section av-m0ggtke4-3ace42b4e6bea387884a989cf9acb5b7 main_color avia-section-default avia-no-border-styling  avia-builder-el-8  el_after_av_one_full  avia-builder-el-last  avia-bg-style-scroll container_wrap fullsize'  ><div class='container av-section-cont-open' ><div class='template-page content  av-content-full alpha units'><div class='post-entry post-entry-type-page post-entry-11'><div class='entry-content-wrapper clearfix'>\n\n<style type=\"text\/css\" data-created_by=\"avia_inline_auto\" id=\"style-css-av-m0ggnjq8-b63a096ac29a10139affbc9a32cbe565\">\n.flex_column.av-m0ggnjq8-b63a096ac29a10139affbc9a32cbe565{\npadding:10px 10px 10px 10px;\n}\n<\/style>\n<div  class='flex_column av-m0ggnjq8-b63a096ac29a10139affbc9a32cbe565 av_three_fifth  avia-builder-el-9  el_before_av_one_fourth  avia-builder-el-first  first flex_column_div  '     ><p>\n<style type=\"text\/css\" data-created_by=\"avia_inline_auto\" id=\"style-css-av-m0gggi9x-0c8fba5bcdd23404ae6ffc03da192005\">\n#top .av-special-heading.av-m0gggi9x-0c8fba5bcdd23404ae6ffc03da192005{\npadding-bottom:10px;\n}\nbody .av-special-heading.av-m0gggi9x-0c8fba5bcdd23404ae6ffc03da192005 .av-special-heading-tag .heading-char{\nfont-size:25px;\n}\n.av-special-heading.av-m0gggi9x-0c8fba5bcdd23404ae6ffc03da192005 .av-subheading{\nfont-size:15px;\n}\n<\/style>\n<div  class='av-special-heading av-m0gggi9x-0c8fba5bcdd23404ae6ffc03da192005 av-special-heading-h2 blockquote modern-quote  avia-builder-el-10  el_before_av_textblock  avia-builder-el-first '><h2 class='av-special-heading-tag '  itemprop=\"headline\"  >Wil je weten wanneer het Mantelzorgcaf\u00e9 in 2026 open is?<\/h2><div class='av-subheading av-subheading_below'><p>Kijk dan even in onderstaand overzicht. En je weet het h\u00e8: de entree is gratis, en voor de koffie\/thee betaal je slechts \u00e9\u00e9n eurootje.<\/p>\n<p>Voor vragen kun je terecht bij co\u00f6rdinator Fred Vermorken: 06\u201383709879.<\/p>\n<\/div><div class=\"special-heading-border\"><div class=\"special-heading-inner-border\"><\/div><\/div><\/div><br \/>\n<section  class='av_textblock_section av-66jf-2c7303f9314dcf5babc2cd7d0b628722 '   itemscope=\"itemscope\" itemtype=\"https:\/\/schema.org\/CreativeWork\" ><div class='avia_textblock'  itemprop=\"text\" ><div data-contents=\"true\">\n<div class=\"\" data-block=\"true\" data-editor=\"3m3vs\" data-offset-key=\"9jiks-0-0\">\n<div class=\"_1mf _1mj\" data-offset-key=\"9jiks-0-0\">\n<p>Team Mantelzorgcaf\u00e9 Zevenaar staat in <strong>2026<\/strong>\u00a0voor je klaar op:<\/p>\n<p><strong><em>5 januari\u00a0 &#8211;\u00a0 2 februari\u00a0 &#8211;\u00a0 2 maart\u00a0 &#8211; 13 april(!)\u00a0 &#8211;\u00a0 <\/em><em>11 mei(!)<\/em><em>\u00a0 &#8211;\u00a0 1 juni<br \/>\n6 juli\u00a0 &#8211;\u00a0 3<\/em><\/strong><strong><em> augustus\u00a0 &#8211;\u00a0 7 september\u00a0 &#8211;\u00a0 5 oktober\u00a0 &#8211;\u00a0 2 november\u00a0 &#8211;\u00a0 7 december<\/em><\/strong><\/p>\n<\/div>\n<\/div>\n<\/div>\n<\/div><\/section><br \/>\n<\/p><\/div><div  class='flex_column av-4iqn-fffff708963a99f8d744c7108266d138 av_one_fourth  avia-builder-el-13  el_after_av_three_fifth  el_before_av_one_full  flex_column_div  '     ><style type=\"text\/css\" data-created_by=\"avia_inline_auto\" id=\"style-css-av-sa2b-c5e622d43a325ffb4186b70a8fc199af\">\n.avia-image-container.av-sa2b-c5e622d43a325ffb4186b70a8fc199af img.avia_image{\nbox-shadow:none;\n}\n.avia-image-container.av-sa2b-c5e622d43a325ffb4186b70a8fc199af .av-image-caption-overlay-center{\ncolor:#ffffff;\n}\n<\/style>\n<div  class='avia-image-container av-sa2b-c5e622d43a325ffb4186b70a8fc199af av-styling- avia-align-center  avia-builder-el-14  avia-builder-el-no-sibling '   itemprop=\"image\" itemscope=\"itemscope\" itemtype=\"https:\/\/schema.org\/ImageObject\" ><div class=\"avia-image-container-inner\"><div class=\"avia-image-overlay-wrap\"><img decoding=\"async\" fetchpriority=\"high\" class='wp-image-18 avia-img-lazy-loading-not-18 avia_image ' src=\"https:\/\/mantelzorgcafezevenaar.nl\/wp-content\/uploads\/2023\/08\/mantelzorgcafe_zevenaar-300x300.png\" alt='' title='mantelzorgcafe_zevenaar'  height=\"300\" width=\"300\"  itemprop=\"thumbnailUrl\" srcset=\"https:\/\/mantelzorgcafezevenaar.nl\/wp-content\/uploads\/2023\/08\/mantelzorgcafe_zevenaar-300x300.png 300w, https:\/\/mantelzorgcafezevenaar.nl\/wp-content\/uploads\/2023\/08\/mantelzorgcafe_zevenaar-150x150.png 150w, https:\/\/mantelzorgcafezevenaar.nl\/wp-content\/uploads\/2023\/08\/mantelzorgcafe_zevenaar-36x36.png 36w, https:\/\/mantelzorgcafezevenaar.nl\/wp-content\/uploads\/2023\/08\/mantelzorgcafe_zevenaar-180x180.png 180w, https:\/\/mantelzorgcafezevenaar.nl\/wp-content\/uploads\/2023\/08\/mantelzorgcafe_zevenaar.png 400w\" sizes=\"(max-width: 300px) 100vw, 300px\" \/><\/div><\/div><\/div><\/div><div  class='flex_column av-s3i7-458526cb41e8a5e8ebafd14869221ec4 av_one_full  avia-builder-el-15  el_after_av_one_fourth  avia-builder-el-last  first flex_column_div  column-top-margin'     ><style type=\"text\/css\" data-created_by=\"avia_inline_auto\" id=\"style-css-av-m6osjusi-9653fff0e963fd3bf7abdf93192a03cc\">\n.avia-image-container.av-m6osjusi-9653fff0e963fd3bf7abdf93192a03cc img.avia_image{\nbox-shadow:none;\n}\n.avia-image-container.av-m6osjusi-9653fff0e963fd3bf7abdf93192a03cc .av-image-caption-overlay-center{\ncolor:#ffffff;\n}\n<\/style>\n<div  class='avia-image-container av-m6osjusi-9653fff0e963fd3bf7abdf93192a03cc av-styling- avia-align-center  avia-builder-el-16  avia-builder-el-no-sibling '   itemprop=\"image\" itemscope=\"itemscope\" itemtype=\"https:\/\/schema.org\/ImageObject\" ><div class=\"avia-image-container-inner\"><div class=\"avia-image-overlay-wrap\"><img decoding=\"async\" fetchpriority=\"high\" class='wp-image-94 avia-img-lazy-loading-not-94 avia_image ' src=\"https:\/\/mantelzorgcafezevenaar.nl\/wp-content\/uploads\/2025\/02\/logos-website-1024x175.png\" alt='' title='logos-website'  height=\"175\" width=\"1024\"  itemprop=\"thumbnailUrl\" srcset=\"https:\/\/mantelzorgcafezevenaar.nl\/wp-content\/uploads\/2025\/02\/logos-website-1024x175.png 1024w, https:\/\/mantelzorgcafezevenaar.nl\/wp-content\/uploads\/2025\/02\/logos-website-300x51.png 300w, https:\/\/mantelzorgcafezevenaar.nl\/wp-content\/uploads\/2025\/02\/logos-website-768x131.png 768w, https:\/\/mantelzorgcafezevenaar.nl\/wp-content\/uploads\/2025\/02\/logos-website-1536x263.png 1536w, https:\/\/mantelzorgcafezevenaar.nl\/wp-content\/uploads\/2025\/02\/logos-website-2048x350.png 2048w, https:\/\/mantelzorgcafezevenaar.nl\/wp-content\/uploads\/2025\/02\/logos-website-1500x256.png 1500w, https:\/\/mantelzorgcafezevenaar.nl\/wp-content\/uploads\/2025\/02\/logos-website-705x121.png 705w\" sizes=\"(max-width: 1024px) 100vw, 1024px\" \/><\/div><\/div><\/div><\/div>\n","protected":false},"excerpt":{"rendered":"","protected":false},"author":1,"featured_media":0,"parent":0,"menu_order":0,"comment_status":"closed","ping_status":"closed","template":"","meta":{"footnotes":""},"class_list":["post-11","page","type-page","status-publish","hentry"],"_links":{"self":[{"href":"https:\/\/mantelzorgcafezevenaar.nl\/index.php?rest_route=\/wp\/v2\/pages\/11","targetHints":{"allow":["GET"]}}],"collection":[{"href":"https:\/\/mantelzorgcafezevenaar.nl\/index.php?rest_route=\/wp\/v2\/pages"}],"about":[{"href":"https:\/\/mantelzorgcafezevenaar.nl\/index.php?rest_route=\/wp\/v2\/types\/page"}],"author":[{"embeddable":true,"href":"https:\/\/mantelzorgcafezevenaar.nl\/index.php?rest_route=\/wp\/v2\/users\/1"}],"replies":[{"embeddable":true,"href":"https:\/\/mantelzorgcafezevenaar.nl\/index.php?rest_route=%2Fwp%2Fv2%2Fcomments&post=11"}],"version-history":[{"count":74,"href":"https:\/\/mantelzorgcafezevenaar.nl\/index.php?rest_route=\/wp\/v2\/pages\/11\/revisions"}],"predecessor-version":[{"id":138,"href":"https:\/\/mantelzorgcafezevenaar.nl\/index.php?rest_route=\/wp\/v2\/pages\/11\/revisions\/138"}],"wp:attachment":[{"href":"https:\/\/mantelzorgcafezevenaar.nl\/index.php?rest_route=%2Fwp%2Fv2%2Fmedia&parent=11"}],"curies":[{"name":"wp","href":"https:\/\/api.w.org\/{rel}","templated":true}]}}